{"id":37,"date":"2025-12-01T09:51:55","date_gmt":"2025-12-01T09:51:55","guid":{"rendered":"https:\/\/manon.master-com-transitions.fr\/?page_id=37"},"modified":"2026-02-12T15:18:06","modified_gmt":"2026-02-12T15:18:06","slug":"a-propos","status":"publish","type":"page","link":"https:\/\/manon.master-com-transitions.fr\/?page_id=37","title":{"rendered":"A propos"},"content":{"rendered":"\t\t<div data-elementor-type=\"wp-page\" data-elementor-id=\"37\" class=\"elementor elementor-37\" data-elementor-post-type=\"page\">\n\t\t\t\t<div class=\"elementor-element elementor-element-699bd87 e-flex e-con-boxed e-con e-parent\" data-id=\"699bd87\" data-element_type=\"container\" data-e-type=\"container\">\n\t\t\t\t\t<div class=\"e-con-inner\">\n\t\t\t\t<div class=\"elementor-element elementor-element-94bdf6c elementor-widget elementor-widget-heading\" data-id=\"94bdf6c\" data-element_type=\"widget\" data-e-type=\"widget\" data-widget_type=\"heading.default\">\n\t\t\t\t\t<h2 class=\"elementor-heading-title elementor-size-default\">A propos<\/h2>\t\t\t\t<\/div>\n\t\t\t\t\t<\/div>\n\t\t\t\t<\/div>\n\t\t<div class=\"elementor-element elementor-element-fef3ad2 e-flex e-con-boxed e-con e-parent\" data-id=\"fef3ad2\" data-element_type=\"container\" data-e-type=\"container\">\n\t\t\t\t\t<div class=\"e-con-inner\">\n\t\t\t\t<div class=\"elementor-element elementor-element-183d2c1 elementor-widget elementor-widget-text-editor\" data-id=\"183d2c1\" data-element_type=\"widget\" data-e-type=\"widget\" data-widget_type=\"text-editor.default\">\n\t\t\t\t\t\t\t\t\t<p data-start=\"208\" data-end=\"697\">Ce site est n\u00e9 de l\u2019envie de proposer un espace qui rassemble des informations utiles pour les \u00e9tudiant.es vivant \u00e0 Paris. Face \u00e0 un constat personnel de la diversit\u00e9 des d\u00e9marches \u00e0 effectuer et des ressources \u00e0 conna\u00eetre (logement, organisation du quotidien, budget, sant\u00e9 ou vie sociale), ce guide a pour objectif de centraliser des conseils pratiques et des outils accessibles afin de faciliter la vie \u00e9tudiante au jour le jour.<\/p><p data-start=\"699\" data-end=\"1081\">Le site s\u2019adresse principalement aux \u00e9tudiant.es fraichement arriv\u00e9 \u00e0 Paris et avec un budget limit\u00e9, mais il peut aussi \u00eatre utile \u00e0 n&rsquo;importe quel.le \u00e9tudiant.e ou habitant.e de la capitale . L\u2019id\u00e9e est de proposer des rep\u00e8res concrets et des pistes \u00e0 explorer, que chacun.e peut ensuite adapter \u00e0 sa situation personnelle.<\/p><p data-start=\"1083\" data-end=\"1468\">Le contenu propos\u00e9 repose sur une s\u00e9lection de conseils, de ressources physiques et num\u00e9riques. Les informations ont \u00e9t\u00e9 rassembl\u00e9es dans une logique pratique et accessible, avec l\u2019objectif de rendre certaines d\u00e9marches plus lisibles et d\u2019aider \u00e0 rep\u00e9rer rapidement des outils utiles.<\/p><p data-start=\"1796\" data-end=\"2056\">Le site a vocation \u00e0 \u00e9voluer au fil du temps gr\u00e2ce aux retours et aux suggestions des utilisateur.rices. Si vous souhaitez proposer des id\u00e9es, partager des ressources ou signaler une information \u00e0 mettre \u00e0 jour, vous pouvez utiliser la rubrique <strong data-start=\"2035\" data-end=\"2055\">\u201cNous contacter\u201d<\/strong>.<\/p>\t\t\t\t\t\t\t\t<\/div>\n\t\t\t\t\t<\/div>\n\t\t\t\t<\/div>\n\t\t\t\t<\/div>\n\t\t","protected":false},"excerpt":{"rendered":"<p>A propos Ce site est n\u00e9 de l\u2019envie de proposer un espace qui rassemble des informations utiles pour les \u00e9tudiant.es vivant \u00e0 Paris. Face \u00e0 un constat personnel de la diversit\u00e9 des d\u00e9marches \u00e0 effectuer et des ressources \u00e0 conna\u00eetre (logement, organisation du quotidien, budget, sant\u00e9 ou vie sociale), ce guide a pour objectif de [&hellip;]<\/p>\n","protected":false},"author":1,"featured_media":0,"parent":0,"menu_order":0,"comment_status":"closed","ping_status":"closed","template":"","meta":{"footnotes":""},"class_list":["post-37","page","type-page","status-publish","hentry"],"_links":{"self":[{"href":"https:\/\/manon.master-com-transitions.fr\/index.php?rest_route=\/wp\/v2\/pages\/37","targetHints":{"allow":["GET"]}}],"collection":[{"href":"https:\/\/manon.master-com-transitions.fr\/index.php?rest_route=\/wp\/v2\/pages"}],"about":[{"href":"https:\/\/manon.master-com-transitions.fr\/index.php?rest_route=\/wp\/v2\/types\/page"}],"author":[{"embeddable":true,"href":"https:\/\/manon.master-com-transitions.fr\/index.php?rest_route=\/wp\/v2\/users\/1"}],"replies":[{"embeddable":true,"href":"https:\/\/manon.master-com-transitions.fr\/index.php?rest_route=%2Fwp%2Fv2%2Fcomments&post=37"}],"version-history":[{"count":4,"href":"https:\/\/manon.master-com-transitions.fr\/index.php?rest_route=\/wp\/v2\/pages\/37\/revisions"}],"predecessor-version":[{"id":230,"href":"https:\/\/manon.master-com-transitions.fr\/index.php?rest_route=\/wp\/v2\/pages\/37\/revisions\/230"}],"wp:attachment":[{"href":"https:\/\/manon.master-com-transitions.fr\/index.php?rest_route=%2Fwp%2Fv2%2Fmedia&parent=37"}],"curies":[{"name":"wp","href":"https:\/\/api.w.org\/{rel}","templated":true}]}}