{"id":39,"date":"2025-12-01T09:52:27","date_gmt":"2025-12-01T09:52:27","guid":{"rendered":"https:\/\/manon.master-com-transitions.fr\/?page_id=39"},"modified":"2026-02-12T15:08:29","modified_gmt":"2026-02-12T15:08:29","slug":"nous-contacter","status":"publish","type":"page","link":"https:\/\/manon.master-com-transitions.fr\/?page_id=39","title":{"rendered":"Nous contacter"},"content":{"rendered":"\t\t<div data-elementor-type=\"wp-page\" data-elementor-id=\"39\" class=\"elementor elementor-39\" data-elementor-post-type=\"page\">\n\t\t\t\t<div class=\"elementor-element elementor-element-63f1446 e-flex e-con-boxed e-con e-parent\" data-id=\"63f1446\" data-element_type=\"container\" data-e-type=\"container\">\n\t\t\t\t\t<div class=\"e-con-inner\">\n\t\t\t\t<div class=\"elementor-element elementor-element-829ea1f elementor-widget elementor-widget-heading\" data-id=\"829ea1f\" data-element_type=\"widget\" data-e-type=\"widget\" data-widget_type=\"heading.default\">\n\t\t\t\t\t<h2 class=\"elementor-heading-title elementor-size-default\">Nous contacter<\/h2>\t\t\t\t<\/div>\n\t\t\t\t\t<\/div>\n\t\t\t\t<\/div>\n\t\t<div class=\"elementor-element elementor-element-84ef7ac e-flex e-con-boxed e-con e-parent\" data-id=\"84ef7ac\" data-element_type=\"container\" data-e-type=\"container\">\n\t\t\t\t\t<div class=\"e-con-inner\">\n\t\t\t\t<div class=\"elementor-element elementor-element-c97f201 elementor-widget elementor-widget-text-editor\" data-id=\"c97f201\" data-element_type=\"widget\" data-e-type=\"widget\" data-widget_type=\"text-editor.default\">\n\t\t\t\t\t\t\t\t\t<p data-start=\"126\" data-end=\"486\">Ce site a pour objectif de rassembler des conseils et des ressources utiles pour faciliter la vie \u00e9tudiante \u00e0 Paris, mais il a aussi vocation \u00e0 \u00e9voluer. Si vous connaissez des bons plans, des outils pratiques, des ressources int\u00e9ressantes ou si vous avez rep\u00e9r\u00e9 quelque chose qui pourrait \u00eatre am\u00e9lior\u00e9, vous pouvez nous envoyer vos suggestions via le formulaire ci-dessous.<\/p><p data-start=\"488\" data-end=\"737\">Vos retours permettent d\u2019enrichir le contenu, de d\u00e9couvrir de nouvelles initiatives et de rendre ce guide plus utile pour l\u2019ensemble des \u00e9tudiant.es. N\u2019h\u00e9sitez pas \u00e0 partager vos id\u00e9es, vos exp\u00e9riences ou les ressources qui vous ont le plus aid\u00e9.<\/p>\t\t\t\t\t\t\t\t<\/div>\n\t\t\t\t\t<\/div>\n\t\t\t\t<\/div>\n\t\t<div class=\"elementor-element elementor-element-0973b18 e-flex e-con-boxed e-con e-parent\" data-id=\"0973b18\" data-element_type=\"container\" data-e-type=\"container\">\n\t\t\t\t\t<div class=\"e-con-inner\">\n\t\t\t\t<div class=\"elementor-element elementor-element-4dd64ef elementor-button-align-stretch elementor-widget elementor-widget-form\" data-id=\"4dd64ef\" data-element_type=\"widget\" data-e-type=\"widget\" data-settings=\"{&quot;step_next_label&quot;:&quot;Suivant&quot;,&quot;step_previous_label&quot;:&quot;Pr\\u00e9c\\u00e9dent&quot;,&quot;button_width&quot;:&quot;100&quot;,&quot;step_type&quot;:&quot;number_text&quot;,&quot;step_icon_shape&quot;:&quot;circle&quot;}\" data-widget_type=\"form.default\">\n\t\t\t\t\t\t\t<form class=\"elementor-form\" method=\"post\" name=\"Nouveau formulaire\" aria-label=\"Nouveau formulaire\">\n\t\t\t<input type=\"hidden\" name=\"post_id\" value=\"39\"\/>\n\t\t\t<input type=\"hidden\" name=\"form_id\" value=\"4dd64ef\"\/>\n\t\t\t<input type=\"hidden\" name=\"referer_title\" value=\"Nous contacter\" \/>\n\n\t\t\t\t\t\t\t<input type=\"hidden\" name=\"queried_id\" value=\"39\"\/>\n\t\t\t\n\t\t\t<div class=\"elementor-form-fields-wrapper elementor-labels-above\">\n\t\t\t\t\t\t\t\t<div class=\"elementor-field-type-email elementor-field-group elementor-column elementor-field-group-email elementor-col-100 elementor-field-required\">\n\t\t\t\t\t\t\t\t\t\t\t\t<label for=\"form-field-email\" class=\"elementor-field-label\">\n\t\t\t\t\t\t\t\tE-mail\t\t\t\t\t\t\t<\/label>\n\t\t\t\t\t\t\t\t\t\t\t\t\t\t<input size=\"1\" type=\"email\" name=\"form_fields[email]\" id=\"form-field-email\" class=\"elementor-field elementor-size-sm  elementor-field-textual\" placeholder=\"E-mail\" required=\"required\">\n\t\t\t\t\t\t\t\t\t\t\t<\/div>\n\t\t\t\t\t\t\t\t<div class=\"elementor-field-type-textarea elementor-field-group elementor-column elementor-field-group-message elementor-col-100\">\n\t\t\t\t\t\t\t\t\t\t\t\t<label for=\"form-field-message\" class=\"elementor-field-label\">\n\t\t\t\t\t\t\t\tMessage\t\t\t\t\t\t\t<\/label>\n\t\t\t\t\t\t<textarea class=\"elementor-field-textual elementor-field  elementor-size-sm\" name=\"form_fields[message]\" id=\"form-field-message\" rows=\"4\" placeholder=\"Message\"><\/textarea>\t\t\t\t<\/div>\n\t\t\t\t\t\t\t\t<div class=\"elementor-field-group elementor-column elementor-field-type-submit elementor-col-100 e-form__buttons\">\n\t\t\t\t\t<button class=\"elementor-button elementor-size-sm\" type=\"submit\">\n\t\t\t\t\t\t<span class=\"elementor-button-content-wrapper\">\n\t\t\t\t\t\t\t\t\t\t\t\t\t\t\t\t\t\t\t\t\t\t<span class=\"elementor-button-text\">Envoyer<\/span>\n\t\t\t\t\t\t\t\t\t\t\t\t\t<\/span>\n\t\t\t\t\t<\/button>\n\t\t\t\t<\/div>\n\t\t\t<\/div>\n\t\t<\/form>\n\t\t\t\t\t\t<\/div>\n\t\t\t\t\t<\/div>\n\t\t\t\t<\/div>\n\t\t\t\t<\/div>\n\t\t","protected":false},"excerpt":{"rendered":"<p>Nous contacter Ce site a pour objectif de rassembler des conseils et des ressources utiles pour faciliter la vie \u00e9tudiante \u00e0 Paris, mais il a aussi vocation \u00e0 \u00e9voluer. Si vous connaissez des bons plans, des outils pratiques, des ressources int\u00e9ressantes ou si vous avez rep\u00e9r\u00e9 quelque chose qui pourrait \u00eatre am\u00e9lior\u00e9, vous pouvez nous [&hellip;]<\/p>\n","protected":false},"author":1,"featured_media":0,"parent":0,"menu_order":0,"comment_status":"closed","ping_status":"closed","template":"","meta":{"footnotes":""},"class_list":["post-39","page","type-page","status-publish","hentry"],"_links":{"self":[{"href":"https:\/\/manon.master-com-transitions.fr\/index.php?rest_route=\/wp\/v2\/pages\/39","targetHints":{"allow":["GET"]}}],"collection":[{"href":"https:\/\/manon.master-com-transitions.fr\/index.php?rest_route=\/wp\/v2\/pages"}],"about":[{"href":"https:\/\/manon.master-com-transitions.fr\/index.php?rest_route=\/wp\/v2\/types\/page"}],"author":[{"embeddable":true,"href":"https:\/\/manon.master-com-transitions.fr\/index.php?rest_route=\/wp\/v2\/users\/1"}],"replies":[{"embeddable":true,"href":"https:\/\/manon.master-com-transitions.fr\/index.php?rest_route=%2Fwp%2Fv2%2Fcomments&post=39"}],"version-history":[{"count":4,"href":"https:\/\/manon.master-com-transitions.fr\/index.php?rest_route=\/wp\/v2\/pages\/39\/revisions"}],"predecessor-version":[{"id":227,"href":"https:\/\/manon.master-com-transitions.fr\/index.php?rest_route=\/wp\/v2\/pages\/39\/revisions\/227"}],"wp:attachment":[{"href":"https:\/\/manon.master-com-transitions.fr\/index.php?rest_route=%2Fwp%2Fv2%2Fmedia&parent=39"}],"curies":[{"name":"wp","href":"https:\/\/api.w.org\/{rel}","templated":true}]}}