{"id":46,"date":"2025-12-01T10:05:42","date_gmt":"2025-12-01T10:05:42","guid":{"rendered":"https:\/\/manon.master-com-transitions.fr\/?page_id=46"},"modified":"2026-02-12T15:02:44","modified_gmt":"2026-02-12T15:02:44","slug":"accueil","status":"publish","type":"page","link":"https:\/\/manon.master-com-transitions.fr\/?page_id=46","title":{"rendered":"Accueil"},"content":{"rendered":"\t\t<div data-elementor-type=\"wp-page\" data-elementor-id=\"46\" class=\"elementor elementor-46\" data-elementor-post-type=\"page\">\n\t\t\t\t<div class=\"elementor-element elementor-element-c047c01 e-flex e-con-boxed e-con e-parent\" data-id=\"c047c01\" data-element_type=\"container\" data-e-type=\"container\">\n\t\t\t\t\t<div class=\"e-con-inner\">\n\t\t\t\t<div class=\"elementor-element elementor-element-bbd41b4 elementor-widget elementor-widget-heading\" data-id=\"bbd41b4\" data-element_type=\"widget\" data-e-type=\"widget\" data-widget_type=\"heading.default\">\n\t\t\t\t\t<h2 class=\"elementor-heading-title elementor-size-default\">(Sur)vivre \u00e0 Paris : guide pour les \u00e9tudiant.es<\/h2>\t\t\t\t<\/div>\n\t\t\t\t<div class=\"elementor-element elementor-element-78a47b9 elementor-widget elementor-widget-text-editor\" data-id=\"78a47b9\" data-element_type=\"widget\" data-e-type=\"widget\" data-widget_type=\"text-editor.default\">\n\t\t\t\t\t\t\t\t\t<p class=\"MsoNormal\" style=\"text-align: justify;\"><span style=\"font-size: 12.0pt; line-height: 107%;\">\u00catre \u00e9tudiant.e \u00e0 Paris aujourd\u2019hui, ce n\u2019est pas de tout repos. Entre le co\u00fbt de la vie, la pression des \u00e9tudes, les d\u00e9marches administratives et parfois la solitude, on peut vite se sentir d\u00e9pass\u00e9. Pourtant, de nombreuses aides, conseils et initiatives existent : encore faut-il les conna\u00eetre.<\/span><\/p><p class=\"MsoNormal\" style=\"text-align: justify;\"><span style=\"font-size: 12.0pt; line-height: 107%;\">Ce guide a \u00e9t\u00e9 cr\u00e9\u00e9 pour rassembler, en un seul endroit, tout ce qui peut rendre la vie \u00e9tudiante plus facile : des ressources utiles, des comptes et livres qui partagent des conseils concrets, des astuces pour mieux s\u2019organiser, prendre soin de soi, g\u00e9rer son budget, \u00e9tudier efficacement, ou encore trouver du soutien quand on en a besoin.<\/span><\/p><p class=\"MsoNormal\" style=\"text-align: justify;\"><span style=\"font-size: 12.0pt; line-height: 107%;\">L\u2019objectif est simple : aider les \u00e9tudiants et \u00e9tudiantes \u00e0 naviguer sereinement dans leurs \u00e9tudes et les accompagner pour que leur parcours \u00e0 Paris se passe dans les meilleures conditions possibles.<\/span><\/p><p class=\"MsoNormal\" style=\"text-align: justify;\"><span style=\"font-size: 12.0pt; line-height: 107%;\">Ce site aspire \u00e0 \u00eatre un espace vivant et \u00e9volutif. Si vous avez des id\u00e9es, des ressources \u00e0 recommander, ou simplement envie de partager ce qui vous aide au quotidien, n\u2019h\u00e9sitez pas \u00e0 nous \u00e9crire via la rubrique \u00ab Nous contacter \u00bb. Vos suggestions permettront d\u2019am\u00e9liorer le site et d\u2019aider encore plus d\u2019\u00e9tudiant.es.<\/span><\/p><p class=\"MsoNormal\" style=\"text-align: justify;\"><span style=\"font-size: 12.0pt; line-height: 107%;\">Bienvenue !<\/span><\/p>\t\t\t\t\t\t\t\t<\/div>\n\t\t\t\t\t<\/div>\n\t\t\t\t<\/div>\n\t\t<div class=\"elementor-element elementor-element-09149af e-flex e-con-boxed e-con e-parent\" data-id=\"09149af\" data-element_type=\"container\" data-e-type=\"container\">\n\t\t\t\t\t<div class=\"e-con-inner\">\n\t\t<div class=\"elementor-element elementor-element-040a021 e-con-full e-flex e-con e-child\" data-id=\"040a021\" data-element_type=\"container\" data-e-type=\"container\">\n\t\t\t\t<div class=\"elementor-element elementor-element-b31e1d3 elementor-widget elementor-widget-image\" data-id=\"b31e1d3\" data-element_type=\"widget\" data-e-type=\"widget\" data-widget_type=\"image.default\">\n\t\t\t\t\t\t\t\t\t\t\t\t\t\t\t<img fetchpriority=\"high\" decoding=\"async\" width=\"800\" height=\"128\" src=\"https:\/\/manon.master-com-transitions.fr\/wp-content\/uploads\/2026\/02\/Se-loger-2.png\" class=\"attachment-large size-large wp-image-201\" alt=\"\" srcset=\"https:\/\/manon.master-com-transitions.fr\/wp-content\/uploads\/2026\/02\/Se-loger-2.png 1000w, https:\/\/manon.master-com-transitions.fr\/wp-content\/uploads\/2026\/02\/Se-loger-2-300x48.png 300w, https:\/\/manon.master-com-transitions.fr\/wp-content\/uploads\/2026\/02\/Se-loger-2-768x123.png 768w\" sizes=\"(max-width: 800px) 100vw, 800px\" \/>\t\t\t\t\t\t\t\t\t\t\t\t\t\t\t<\/div>\n\t\t\t\t<\/div>\n\t\t<div class=\"elementor-element elementor-element-65755a1 e-con-full e-flex e-con e-child\" data-id=\"65755a1\" data-element_type=\"container\" data-e-type=\"container\">\n\t\t\t\t<div class=\"elementor-element elementor-element-46b8f36 elementor-widget elementor-widget-image\" data-id=\"46b8f36\" data-element_type=\"widget\" data-e-type=\"widget\" data-widget_type=\"image.default\">\n\t\t\t\t\t\t\t\t\t\t\t\t\t\t\t<img decoding=\"async\" width=\"400\" height=\"160\" src=\"https:\/\/manon.master-com-transitions.fr\/wp-content\/uploads\/2026\/02\/Se-deplacer-4.png\" class=\"attachment-large size-large wp-image-200\" alt=\"\" srcset=\"https:\/\/manon.master-com-transitions.fr\/wp-content\/uploads\/2026\/02\/Se-deplacer-4.png 400w, https:\/\/manon.master-com-transitions.fr\/wp-content\/uploads\/2026\/02\/Se-deplacer-4-300x120.png 300w\" sizes=\"(max-width: 400px) 100vw, 400px\" \/>\t\t\t\t\t\t\t\t\t\t\t\t\t\t\t<\/div>\n\t\t\t\t<\/div>\n\t\t<div class=\"elementor-element elementor-element-f915c35 e-con-full e-flex e-con e-child\" data-id=\"f915c35\" data-element_type=\"container\" data-e-type=\"container\">\n\t\t\t\t<div class=\"elementor-element elementor-element-30b09fe elementor-widget elementor-widget-image\" data-id=\"30b09fe\" data-element_type=\"widget\" data-e-type=\"widget\" data-widget_type=\"image.default\">\n\t\t\t\t\t\t\t\t\t\t\t\t\t\t\t<img decoding=\"async\" width=\"400\" height=\"160\" src=\"https:\/\/manon.master-com-transitions.fr\/wp-content\/uploads\/2026\/02\/Se-deplacer-3.png\" class=\"attachment-large size-large wp-image-199\" alt=\"\" srcset=\"https:\/\/manon.master-com-transitions.fr\/wp-content\/uploads\/2026\/02\/Se-deplacer-3.png 400w, https:\/\/manon.master-com-transitions.fr\/wp-content\/uploads\/2026\/02\/Se-deplacer-3-300x120.png 300w\" sizes=\"(max-width: 400px) 100vw, 400px\" \/>\t\t\t\t\t\t\t\t\t\t\t\t\t\t\t<\/div>\n\t\t\t\t<\/div>\n\t\t<div class=\"elementor-element elementor-element-a5c829e e-con-full e-flex e-con e-child\" data-id=\"a5c829e\" data-element_type=\"container\" data-e-type=\"container\">\n\t\t\t\t<div class=\"elementor-element elementor-element-c512bf5 elementor-widget elementor-widget-image\" data-id=\"c512bf5\" data-element_type=\"widget\" data-e-type=\"widget\" data-widget_type=\"image.default\">\n\t\t\t\t\t\t\t\t\t\t\t\t\t\t\t<img loading=\"lazy\" decoding=\"async\" width=\"800\" height=\"128\" src=\"https:\/\/manon.master-com-transitions.fr\/wp-content\/uploads\/2026\/02\/Se-loger-4.png\" class=\"attachment-large size-large wp-image-203\" alt=\"\" srcset=\"https:\/\/manon.master-com-transitions.fr\/wp-content\/uploads\/2026\/02\/Se-loger-4.png 1000w, https:\/\/manon.master-com-transitions.fr\/wp-content\/uploads\/2026\/02\/Se-loger-4-300x48.png 300w, https:\/\/manon.master-com-transitions.fr\/wp-content\/uploads\/2026\/02\/Se-loger-4-768x123.png 768w\" sizes=\"(max-width: 800px) 100vw, 800px\" \/>\t\t\t\t\t\t\t\t\t\t\t\t\t\t\t<\/div>\n\t\t\t\t<\/div>\n\t\t\t\t\t<\/div>\n\t\t\t\t<\/div>\n\t\t<div class=\"elementor-element elementor-element-b0c831b e-flex e-con-boxed e-con e-parent\" data-id=\"b0c831b\" data-element_type=\"container\" data-e-type=\"container\">\n\t\t\t\t\t<div class=\"e-con-inner\">\n\t\t<div class=\"elementor-element elementor-element-be14b5e e-con-full e-flex e-con e-child\" data-id=\"be14b5e\" data-element_type=\"container\" data-e-type=\"container\">\n\t\t\t\t<div class=\"elementor-element elementor-element-28b0054 elementor-widget elementor-widget-image\" data-id=\"28b0054\" data-element_type=\"widget\" data-e-type=\"widget\" data-widget_type=\"image.default\">\n\t\t\t\t\t\t\t\t\t\t\t\t\t\t\t<img loading=\"lazy\" decoding=\"async\" width=\"550\" height=\"160\" src=\"https:\/\/manon.master-com-transitions.fr\/wp-content\/uploads\/2026\/02\/Se-soigner-3.png\" class=\"attachment-large size-large wp-image-198\" alt=\"\" srcset=\"https:\/\/manon.master-com-transitions.fr\/wp-content\/uploads\/2026\/02\/Se-soigner-3.png 550w, https:\/\/manon.master-com-transitions.fr\/wp-content\/uploads\/2026\/02\/Se-soigner-3-300x87.png 300w\" sizes=\"(max-width: 550px) 100vw, 550px\" \/>\t\t\t\t\t\t\t\t\t\t\t\t\t\t\t<\/div>\n\t\t\t\t<\/div>\n\t\t<div class=\"elementor-element elementor-element-33dc46b e-con-full e-flex e-con e-child\" data-id=\"33dc46b\" data-element_type=\"container\" data-e-type=\"container\">\n\t\t\t\t<div class=\"elementor-element elementor-element-4aae951 elementor-widget elementor-widget-image\" data-id=\"4aae951\" data-element_type=\"widget\" data-e-type=\"widget\" data-widget_type=\"image.default\">\n\t\t\t\t\t\t\t\t\t\t\t\t\t\t\t<img loading=\"lazy\" decoding=\"async\" width=\"550\" height=\"160\" src=\"https:\/\/manon.master-com-transitions.fr\/wp-content\/uploads\/2026\/02\/Se-soigner-2.png\" class=\"attachment-large size-large wp-image-197\" alt=\"\" srcset=\"https:\/\/manon.master-com-transitions.fr\/wp-content\/uploads\/2026\/02\/Se-soigner-2.png 550w, https:\/\/manon.master-com-transitions.fr\/wp-content\/uploads\/2026\/02\/Se-soigner-2-300x87.png 300w\" sizes=\"(max-width: 550px) 100vw, 550px\" \/>\t\t\t\t\t\t\t\t\t\t\t\t\t\t\t<\/div>\n\t\t\t\t<\/div>\n\t\t<div class=\"elementor-element elementor-element-c358f0a e-con-full e-flex e-con e-child\" data-id=\"c358f0a\" data-element_type=\"container\" data-e-type=\"container\">\n\t\t\t\t<div class=\"elementor-element elementor-element-a5faffb elementor-widget elementor-widget-image\" data-id=\"a5faffb\" data-element_type=\"widget\" data-e-type=\"widget\" data-widget_type=\"image.default\">\n\t\t\t\t\t\t\t\t\t\t\t\t\t\t\t<img loading=\"lazy\" decoding=\"async\" width=\"800\" height=\"107\" src=\"https:\/\/manon.master-com-transitions.fr\/wp-content\/uploads\/2026\/02\/Ressources-utiles-1-1024x137.png\" class=\"attachment-large size-large wp-image-194\" alt=\"\" srcset=\"https:\/\/manon.master-com-transitions.fr\/wp-content\/uploads\/2026\/02\/Ressources-utiles-1-1024x137.png 1024w, https:\/\/manon.master-com-transitions.fr\/wp-content\/uploads\/2026\/02\/Ressources-utiles-1-300x40.png 300w, https:\/\/manon.master-com-transitions.fr\/wp-content\/uploads\/2026\/02\/Ressources-utiles-1-768x102.png 768w, https:\/\/manon.master-com-transitions.fr\/wp-content\/uploads\/2026\/02\/Ressources-utiles-1.png 1200w\" sizes=\"(max-width: 800px) 100vw, 800px\" \/>\t\t\t\t\t\t\t\t\t\t\t\t\t\t\t<\/div>\n\t\t\t\t<\/div>\n\t\t\t\t\t<\/div>\n\t\t\t\t<\/div>\n\t\t\t\t<\/div>\n\t\t","protected":false},"excerpt":{"rendered":"<p>(Sur)vivre \u00e0 Paris : guide pour les \u00e9tudiant.es \u00catre \u00e9tudiant.e \u00e0 Paris aujourd\u2019hui, ce n\u2019est pas de tout repos. Entre le co\u00fbt de la vie, la pression des \u00e9tudes, les d\u00e9marches administratives et parfois la solitude, on peut vite se sentir d\u00e9pass\u00e9. Pourtant, de nombreuses aides, conseils et initiatives existent : encore faut-il les conna\u00eetre. [&hellip;]<\/p>\n","protected":false},"author":1,"featured_media":0,"parent":0,"menu_order":0,"comment_status":"closed","ping_status":"closed","template":"","meta":{"footnotes":""},"class_list":["post-46","page","type-page","status-publish","hentry"],"_links":{"self":[{"href":"https:\/\/manon.master-com-transitions.fr\/index.php?rest_route=\/wp\/v2\/pages\/46","targetHints":{"allow":["GET"]}}],"collection":[{"href":"https:\/\/manon.master-com-transitions.fr\/index.php?rest_route=\/wp\/v2\/pages"}],"about":[{"href":"https:\/\/manon.master-com-transitions.fr\/index.php?rest_route=\/wp\/v2\/types\/page"}],"author":[{"embeddable":true,"href":"https:\/\/manon.master-com-transitions.fr\/index.php?rest_route=\/wp\/v2\/users\/1"}],"replies":[{"embeddable":true,"href":"https:\/\/manon.master-com-transitions.fr\/index.php?rest_route=%2Fwp%2Fv2%2Fcomments&post=46"}],"version-history":[{"count":37,"href":"https:\/\/manon.master-com-transitions.fr\/index.php?rest_route=\/wp\/v2\/pages\/46\/revisions"}],"predecessor-version":[{"id":223,"href":"https:\/\/manon.master-com-transitions.fr\/index.php?rest_route=\/wp\/v2\/pages\/46\/revisions\/223"}],"wp:attachment":[{"href":"https:\/\/manon.master-com-transitions.fr\/index.php?rest_route=%2Fwp%2Fv2%2Fmedia&parent=46"}],"curies":[{"name":"wp","href":"https:\/\/api.w.org\/{rel}","templated":true}]}}